{"id":430,"date":"2024-10-21T15:43:00","date_gmt":"2024-10-21T12:43:00","guid":{"rendered":"http:\/\/samsungvrf.com\/?post_type=product&#038;p=430"},"modified":"2024-10-31T18:14:28","modified_gmt":"2024-10-31T15:14:28","slug":"tavan-alti-doseme-tipi","status":"publish","type":"product","link":"http:\/\/samsungvrf.com\/index.php\/urun\/tavan-alti-doseme-tipi\/","title":{"rendered":"Tavan Alt\u0131-D\u00f6\u015feme Tipi"},"content":{"rendered":"<p>Tavan Alt\u0131 \u00fcnitesi, seri numaras\u0131, \u00fcnite etiket bilgileri ve di\u011fer saha programlanm\u0131\u015f verileri depolamak \u00fczere ana devre kart\u0131nda \u00e7\u0131kar\u0131labilir bir EEPROM \u00e7ipi ile donat\u0131lm\u0131\u015ft\u0131r. Bu \u00f6zellik, Samsung&#8217;un S-Net Pro2 servis yaz\u0131l\u0131m\u0131 kullan\u0131ld\u0131\u011f\u0131nda \u00fcnitenin ba\u015flat\u0131lmas\u0131n\u0131, devreye al\u0131nmas\u0131n\u0131 ve \u00fcr\u00fcn kayd\u0131n\u0131n yap\u0131lmas\u0131n\u0131 kolayla\u015ft\u0131r\u0131r. Ayr\u0131ca, gelecekteki servis i\u015flemleri i\u00e7in de \u00f6nemli bir kolayl\u0131k sunar.<\/p>\n","protected":false},"excerpt":{"rendered":"<ul>\n<li><a href=\"http:\/\/samsungvrf.com\/wp-content\/uploads\/2024\/10\/Samsung-Dvm-doseme-ic-unite-3.jpg\"><img loading=\"lazy\" decoding=\"async\" class=\"alignnone wp-image-628 size-full\" src=\"http:\/\/samsungvrf.com\/wp-content\/uploads\/2024\/10\/Samsung-Dvm-doseme-ic-unite-3.jpg\" alt=\"\" width=\"1342\" height=\"447\" srcset=\"http:\/\/samsungvrf.com\/wp-content\/uploads\/2024\/10\/Samsung-Dvm-doseme-ic-unite-3.jpg 1342w, http:\/\/samsungvrf.com\/wp-content\/uploads\/2024\/10\/Samsung-Dvm-doseme-ic-unite-3-300x100.jpg 300w, http:\/\/samsungvrf.com\/wp-content\/uploads\/2024\/10\/Samsung-Dvm-doseme-ic-unite-3-1024x341.jpg 1024w, http:\/\/samsungvrf.com\/wp-content\/uploads\/2024\/10\/Samsung-Dvm-doseme-ic-unite-3-768x256.jpg 768w, http:\/\/samsungvrf.com\/wp-content\/uploads\/2024\/10\/Samsung-Dvm-doseme-ic-unite-3-600x200.jpg 600w\" sizes=\"auto, (max-width: 1342px) 100vw, 1342px\" \/><\/a>Mevcut Kapasiteler (Btu\/h)<\/li>\n<li><span class=\"check-br js-check-text\"><span class=\"br\">18K \/ 24K<\/span><\/span><\/li>\n<li>Tavan Alt\u0131 \u00fcnitesi, seri numaras\u0131, \u00fcnite etiket bilgileri ve di\u011fer saha programlanm\u0131\u015f verileri depolamak \u00fczere ana devre kart\u0131nda \u00e7\u0131kar\u0131labilir bir EEPROM \u00e7ipi ile donat\u0131lm\u0131\u015ft\u0131r. Bu \u00f6zellik, Samsung&#8217;un S-Net Pro2 servis yaz\u0131l\u0131m\u0131 kullan\u0131ld\u0131\u011f\u0131nda \u00fcnitenin ba\u015flat\u0131lmas\u0131n\u0131, devreye al\u0131nmas\u0131n\u0131 ve \u00fcr\u00fcn kayd\u0131n\u0131n yap\u0131lmas\u0131n\u0131 kolayla\u015ft\u0131r\u0131r. Ayr\u0131ca, gelecekteki servis i\u015flemleri i\u00e7in de \u00f6nemli bir kolayl\u0131k sunar.<\/li>\n<\/ul>\n","protected":false},"featured_media":630,"comment_status":"open","ping_status":"closed","template":"","meta":[],"product_cat":[16],"product_tag":[26],"class_list":{"0":"post-430","1":"product","2":"type-product","3":"status-publish","4":"has-post-thumbnail","6":"product_cat-samsung-vrf-ic-uniteler","7":"product_tag-konsol-tipi-ic-unite-doseme-tipi-ic-unite","9":"first","10":"instock","11":"shipping-taxable","12":"product-type-simple","13":"layout-style-1","14":"col-md-4 col-sm-4 col-xs-6","15":"col-lg-3","16":"product-has-gallery","17":"product-style-slider"},"_links":{"self":[{"href":"http:\/\/samsungvrf.com\/index.php\/wp-json\/wp\/v2\/product\/430","targetHints":{"allow":["GET"]}}],"collection":[{"href":"http:\/\/samsungvrf.com\/index.php\/wp-json\/wp\/v2\/product"}],"about":[{"href":"http:\/\/samsungvrf.com\/index.php\/wp-json\/wp\/v2\/types\/product"}],"replies":[{"embeddable":true,"href":"http:\/\/samsungvrf.com\/index.php\/wp-json\/wp\/v2\/comments?post=430"}],"wp:featuredmedia":[{"embeddable":true,"href":"http:\/\/samsungvrf.com\/index.php\/wp-json\/wp\/v2\/media\/630"}],"wp:attachment":[{"href":"http:\/\/samsungvrf.com\/index.php\/wp-json\/wp\/v2\/media?parent=430"}],"wp:term":[{"taxonomy":"product_cat","embeddable":true,"href":"http:\/\/samsungvrf.com\/index.php\/wp-json\/wp\/v2\/product_cat?post=430"},{"taxonomy":"product_tag","embeddable":true,"href":"http:\/\/samsungvrf.com\/index.php\/wp-json\/wp\/v2\/product_tag?post=430"}],"curies":[{"name":"wp","href":"https:\/\/api.w.org\/{rel}","templated":true}]}}