{"id":428,"date":"2024-10-21T15:36:00","date_gmt":"2024-10-21T12:36:00","guid":{"rendered":"http:\/\/samsungvrf.com\/?post_type=product&#038;p=428"},"modified":"2024-10-31T18:20:17","modified_gmt":"2024-10-31T15:20:17","slug":"wind-free-4-yonlu-kaset","status":"publish","type":"product","link":"http:\/\/samsungvrf.com\/index.php\/urun\/wind-free-4-yonlu-kaset\/","title":{"rendered":"Wind Free\u2122* 4 Y\u00f6nl\u00fc Kaset"},"content":{"rendered":"<p class=\"windfree-style\"><strong><a href=\"http:\/\/samsungvrf.com\/wp-content\/uploads\/2024\/10\/Samsung-Dvm-360-4-yon-kaset.jpg\"><img loading=\"lazy\" decoding=\"async\" class=\"alignnone wp-image-521 size-full\" src=\"http:\/\/samsungvrf.com\/wp-content\/uploads\/2024\/10\/Samsung-Dvm-360-4-yon-kaset.jpg\" alt=\"\" width=\"1338\" height=\"458\" srcset=\"http:\/\/samsungvrf.com\/wp-content\/uploads\/2024\/10\/Samsung-Dvm-360-4-yon-kaset.jpg 1338w, http:\/\/samsungvrf.com\/wp-content\/uploads\/2024\/10\/Samsung-Dvm-360-4-yon-kaset-300x103.jpg 300w, http:\/\/samsungvrf.com\/wp-content\/uploads\/2024\/10\/Samsung-Dvm-360-4-yon-kaset-1024x351.jpg 1024w, http:\/\/samsungvrf.com\/wp-content\/uploads\/2024\/10\/Samsung-Dvm-360-4-yon-kaset-768x263.jpg 768w, http:\/\/samsungvrf.com\/wp-content\/uploads\/2024\/10\/Samsung-Dvm-360-4-yon-kaset-600x205.jpg 600w\" sizes=\"auto, (max-width: 1338px) 100vw, 1338px\" \/><\/a>Wind\u00a0<span class=\"light-font\">Free\u2122*<\/span>\u00a04 Y\u00f6nl\u00fc Kaset<\/strong><\/p>\n<ul>\n<li>Mevcut Kapasiteler (Btu\/h)<\/li>\n<li><span class=\"check-br js-check-text\"><span class=\"br\">6K \/ 9K \/ 12K \/ 18K \/ 24K \/ 30K \/ 36K \/ 48K<\/span><\/span><\/li>\n<\/ul>\n<p><em>Hava Ak\u0131\u015f\u0131nda Devrim: Samsung WindFree\u2122 4-Y\u00f6nl\u00fc Kaset<\/em><\/p>\n<p>R\u00fczg\u00e2r\u0131n etkilerini unutun; konforun tad\u0131n\u0131 \u00e7\u0131kar\u0131n art\u0131k! Samsung&#8217;un geli\u015fmi\u015f WindFree\u2122* 4-Y\u00f6nl\u00fc Kaset klima sistemi, temizli\u011fi ve kullan\u0131m\u0131 son derece kolay bir tasar\u0131mla kar\u015f\u0131n\u0131za \u00e7\u0131k\u0131yor. kapasitesi minimuma indiren turbo fan teknolojisi ile donat\u0131lm\u0131\u015f bu cihaz, serin bir i\u00e7 mekan a\u00e7arken do\u011frudan so\u011fuk hava kapasiten bozukluklar\u0131<\/p>\n<p><em>WindFree\u2122 So\u011futma Teknolojisi ile Fark Yarat\u0131n<\/em><\/p>\n<p>Do\u011frudan so\u011fuk hava ak\u0131\u015f\u0131ndan ka\u00e7\u0131narak, WindFree\u2122* teknolojisi, panjurlar kapal\u0131yken \u00f6n paneldeki mikro delikler arac\u0131l\u0131\u011f\u0131yla hava da\u011f\u0131t\u0131m\u0131 yaparak istenilen s\u0131cakl\u0131\u011f\u0131 korur. Sonu\u00e7 mu? Da\u011f\u0131n\u0131k ve nazik bir hava numunesi, &#8220;durgun hava&#8221; konforu! Bu, hem evde hem de ofiste ferah bir veya<\/p>\n<p><strong>Ak\u0131ll\u0131 Nem Y\u00f6netimi<\/strong><\/p>\n<p>S\u0131cak yaz nem sistemi, konforunuzu i\u00e7erir. Bu nedenle entegre nem sens\u00f6r\u00fc, y\u00fcksek nemli yay\u0131lmay\u0131 \u00f6nleyerek verimli bir so\u011futma sa\u011flar. Kullan\u0131c\u0131 dostu tasar\u0131m\u0131yla hem konfor hem de enerji<\/p>\n<p><strong>Bireysel B\u0131\u00e7ak Kontrol\u00fc ile \u00d6zel Ayarlar<\/strong><\/p>\n<p>D\u00f6rt panjur kanad\u0131n\u0131n ba\u011f\u0131ms\u0131z kontrol\u00fc sayesinde, her bir kanat 32-65\u00b0 aras\u0131nda farkl\u0131 a\u00e7\u0131larda ayarlanabilir. Bu \u00f6zellik, onun vatanda\u015f\u0131n\u0131n \u00f6zel bir konfor suna<\/p>\n<p><strong>Enerji Verimlili\u011fini Art\u0131r\u0131n<\/strong><\/p>\n<p>Hareket Alg\u0131lama Sens\u00f6r\u00fc (MDS), oda dolulu\u011funu analiz ederek \u00f6zellikleri otomatik olarak ayarlar. B\u00f6ylece enerji tasarrufu sa\u011flan\u0131rken, \u00e7al\u0131\u015fma s\u00fcreleri optimize edilir. Dikkat edilirse bu sens\u00f6rl\u00fc \u00f6rg\u00fclere ve ayr\u0131 olarak temin edilebilir. Enerji al\u0131\u015fveri\u015fi ile hem b\u00fct\u00e7enizi hayatlar\u0131n\u0131zda hem de katk\u0131da bulunun!<\/p>\n<p><strong>Kolay Eri\u015fim ve Geli\u015fmi\u015f Servis \u00d6zellikleri<\/strong><\/p>\n<p>T\u00fcm dahili hizmetler ve saha ba\u011flant\u0131lar\u0131na kolay eri\u015fim imkan\u0131 sunan alt k\u0131s\u0131m ile bak\u0131m ve servis i\u015flemleri hi\u00e7 olmad\u0131\u011f\u0131 kadar pratik. Ayr\u0131ca, bile\u015fenlerin EEPROM \u00e7ipi, sistem par\u00e7alar\u0131n\u0131n ve servis bilgilerinizi depolaman\u0131za olanak tan\u0131r. Gelecekteki bak<\/p>\n<p><strong>Turbo Fan ile Maksimum Performans<\/strong><\/p>\n<p>Aerodinamik yap\u0131ya sahip turbo fan, g\u00fcr\u00fclt\u00fcy\u00fc en aza indirirken, geni\u015f kanatlar sayesinde so\u011futma ve \u0131s\u0131tmay\u0131 e\u015fit \u015fekilde da\u011f\u0131tarak \u00e7al\u0131\u015fmay\u0131 her k\u00f6\u015fesine h\u0131zl\u0131 bir konfor sa\u011flar. Bu, \u00f6zellikle b\u00fcy\u00fck alanlar i\u00e7in temizlik ve an\u0131nda ferahlama sa\u011flar.<\/p>\n","protected":false},"excerpt":{"rendered":"<p class=\"windfree-style\"><strong>Wind\u00a0<span class=\"light-font\">Free\u2122*<\/span>\u00a04 Y\u00f6nl\u00fc Kaset<\/strong><\/p>\n<ul>\n<li>Mevcut Kapasiteler (Btu\/h)<a href=\"http:\/\/samsungvrf.com\/wp-content\/uploads\/2024\/10\/Samsung-Dvm-360-4-yon-kaset.jpg\"><img loading=\"lazy\" decoding=\"async\" class=\"alignnone wp-image-521 size-full\" src=\"http:\/\/samsungvrf.com\/wp-content\/uploads\/2024\/10\/Samsung-Dvm-360-4-yon-kaset.jpg\" alt=\"\" width=\"1338\" height=\"458\" srcset=\"http:\/\/samsungvrf.com\/wp-content\/uploads\/2024\/10\/Samsung-Dvm-360-4-yon-kaset.jpg 1338w, http:\/\/samsungvrf.com\/wp-content\/uploads\/2024\/10\/Samsung-Dvm-360-4-yon-kaset-300x103.jpg 300w, http:\/\/samsungvrf.com\/wp-content\/uploads\/2024\/10\/Samsung-Dvm-360-4-yon-kaset-1024x351.jpg 1024w, http:\/\/samsungvrf.com\/wp-content\/uploads\/2024\/10\/Samsung-Dvm-360-4-yon-kaset-768x263.jpg 768w, http:\/\/samsungvrf.com\/wp-content\/uploads\/2024\/10\/Samsung-Dvm-360-4-yon-kaset-600x205.jpg 600w\" sizes=\"auto, (max-width: 1338px) 100vw, 1338px\" \/><\/a><\/li>\n<li><span class=\"check-br js-check-text\"><span class=\"br\">6K \/ 9K \/ 12K \/ 18K \/ 24K \/ 30K \/ 36K \/ 48K<\/span><\/span><\/li>\n<li><\/li>\n<\/ul>\n<p><em>Hava Ak\u0131\u015f\u0131nda Devrim: Samsung WindFree\u2122 4-Y\u00f6nl\u00fc Kaset<\/em><\/p>\n<p>R\u00fczg\u00e2r\u0131n etkilerini unutun; konforun tad\u0131n\u0131 \u00e7\u0131kar\u0131n art\u0131k! Samsung&#8217;un geli\u015fmi\u015f WindFree\u2122* 4-Y\u00f6nl\u00fc Kaset klima sistemi, temizli\u011fi ve kullan\u0131m\u0131 son derece kolay bir tasar\u0131mla kar\u015f\u0131n\u0131za \u00e7\u0131k\u0131yor. kapasitesi minimuma indiren turbo fan teknolojisi ile donat\u0131lm\u0131\u015f bu cihaz, serin bir i\u00e7 mekan a\u00e7arken do\u011frudan so\u011fuk hava kapasiten bozukluklar\u0131<\/p>\n<p><em>WindFree\u2122 So\u011futma Teknolojisi ile Fark Yarat\u0131n<\/em><\/p>\n","protected":false},"featured_media":429,"comment_status":"open","ping_status":"closed","template":"","meta":[],"product_cat":[16],"product_tag":[27],"class_list":{"0":"post-428","1":"product","2":"type-product","3":"status-publish","4":"has-post-thumbnail","6":"product_cat-samsung-vrf-ic-uniteler","7":"product_tag-wind-free-4-yonlu-kaset-tipi-klima","9":"first","10":"instock","11":"shipping-taxable","12":"product-type-simple","13":"layout-style-1","14":"col-md-4 col-sm-4 col-xs-6","15":"col-lg-3","16":"product-has-gallery","17":"product-style-slider"},"_links":{"self":[{"href":"http:\/\/samsungvrf.com\/index.php\/wp-json\/wp\/v2\/product\/428","targetHints":{"allow":["GET"]}}],"collection":[{"href":"http:\/\/samsungvrf.com\/index.php\/wp-json\/wp\/v2\/product"}],"about":[{"href":"http:\/\/samsungvrf.com\/index.php\/wp-json\/wp\/v2\/types\/product"}],"replies":[{"embeddable":true,"href":"http:\/\/samsungvrf.com\/index.php\/wp-json\/wp\/v2\/comments?post=428"}],"wp:featuredmedia":[{"embeddable":true,"href":"http:\/\/samsungvrf.com\/index.php\/wp-json\/wp\/v2\/media\/429"}],"wp:attachment":[{"href":"http:\/\/samsungvrf.com\/index.php\/wp-json\/wp\/v2\/media?parent=428"}],"wp:term":[{"taxonomy":"product_cat","embeddable":true,"href":"http:\/\/samsungvrf.com\/index.php\/wp-json\/wp\/v2\/product_cat?post=428"},{"taxonomy":"product_tag","embeddable":true,"href":"http:\/\/samsungvrf.com\/index.php\/wp-json\/wp\/v2\/product_tag?post=428"}],"curies":[{"name":"wp","href":"https:\/\/api.w.org\/{rel}","templated":true}]}}