{"id":423,"date":"2024-10-21T15:15:37","date_gmt":"2024-10-21T12:15:37","guid":{"rendered":"http:\/\/samsungvrf.com\/?post_type=product&#038;p=423"},"modified":"2024-10-31T18:35:23","modified_gmt":"2024-10-31T15:35:23","slug":"ruzgarsiz-2-0-duvar-tipi","status":"publish","type":"product","link":"http:\/\/samsungvrf.com\/index.php\/urun\/ruzgarsiz-2-0-duvar-tipi\/","title":{"rendered":"R\u00fczgars\u0131z \u2122* 2.0 Duvar Tipi"},"content":{"rendered":"<p><a href=\"http:\/\/samsungvrf.com\/wp-content\/uploads\/2024\/10\/Samsung-Dvm-duvar-ruzgarsiz.jpg\"><img loading=\"lazy\" decoding=\"async\" class=\"alignnone wp-image-663 size-full\" src=\"http:\/\/samsungvrf.com\/wp-content\/uploads\/2024\/10\/Samsung-Dvm-duvar-ruzgarsiz.jpg\" alt=\"\" width=\"1342\" height=\"428\" srcset=\"http:\/\/samsungvrf.com\/wp-content\/uploads\/2024\/10\/Samsung-Dvm-duvar-ruzgarsiz.jpg 1342w, http:\/\/samsungvrf.com\/wp-content\/uploads\/2024\/10\/Samsung-Dvm-duvar-ruzgarsiz-300x96.jpg 300w, http:\/\/samsungvrf.com\/wp-content\/uploads\/2024\/10\/Samsung-Dvm-duvar-ruzgarsiz-1024x327.jpg 1024w, http:\/\/samsungvrf.com\/wp-content\/uploads\/2024\/10\/Samsung-Dvm-duvar-ruzgarsiz-768x245.jpg 768w, http:\/\/samsungvrf.com\/wp-content\/uploads\/2024\/10\/Samsung-Dvm-duvar-ruzgarsiz-600x191.jpg 600w\" sizes=\"auto, (max-width: 1342px) 100vw, 1342px\" \/><\/a><\/p>\n<p><strong>Samsung WindFree\u2122 So\u011futma Teknolojisi ile Konforun Zirvesine Ula\u015f\u0131n<\/strong><\/p>\n<p>Samsung&#8217;un yenilik\u00e7i WindFree\u2122 So\u011futma teknolojisi, i\u00e7 mekanlarda ideal s\u0131cakl\u0131k sa\u011flarken, do\u011frudan so\u011fuk havalar\u0131n yaratt\u0131\u011f\u0131 rahats\u0131zl\u0131klar\u0131 ortadan kald\u0131r\u0131r. Bu, kullan\u0131c\u0131lar i\u00e7in benzersiz bir konfor sunarak ba\u015fka hi\u00e7bir sisteme eri\u015filemeyen bir avantaj sa\u011flar. <strong>SO\u011eUK ES\u0130NT\u0130LER\u0130 ORTADAN KALDIRIR<\/strong><\/p>\n<p>WindFree\u2122 So\u011futma, panjurlar kapal\u0131yken \u00fcnite \u00fczerindeki mikro deliklerden hava \u00fcfleyerek ortam\u0131n istenilen s\u0131cakl\u0131k seviyesini korur. Bu sayede so\u011fuk hava ak\u0131mlar\u0131n\u0131n neden oldu\u011fu rahats\u0131zl\u0131k ortadan kalkar ve &#8220;durgun hava&#8221; olarak kay\u0131tl\u0131 nazik, da\u011f\u0131n\u0131k bir hava da\u011f\u0131l\u0131m\u0131 yarat\u0131l\u0131r. Sonu\u00e7 olarak, i\u00e7 mekanda konforlu bir s\u0131cakl\u0131k sa\u011flan\u0131r<\/p>\n<p><strong>GEL\u0130\u015eT\u0130R\u0130LM\u0130\u015e SERV\u0130S KAB\u0130L\u0130YET\u0130<\/strong><\/p>\n<p>Yeni i\u00e7 \u00fcnite tasar\u0131m\u0131m\u0131z, kurulum ve bak\u0131m s\u00fcre\u00e7lerini kolayla\u015ft\u0131rmak i\u00e7in daha fazla entegre kullan\u0131yoruz. Di\u015fli ba\u011flant\u0131 elemanlar\u0131n\u0131n yerine bu yeni yap\u0131, sistem montaj\u0131 ve bak\u0131m\u0131nda \u00f6nemli \u00f6l\u00e7\u00fcde zaman ve i\u015f g\u00fcc\u00fc tasarrufu sa\u011flar. Bu sayede uzman teknik ekiplerin m\u00fcdahalesi daha az gerekecek ve sistem<\/p>\n<p><strong>GEL\u0130\u015eM\u0130\u015e DEVREYE ALMA VE SERV\u0130S \u0130MKANLARI<\/strong><\/p>\n<p>WindFree\u2122 2.0, ana devre kart\u0131nda bulunan EEPROM \u00e7ipi ile donat\u0131lm\u0131\u015ft\u0131r. Bu \u00e7ip, \u00fcnite opsiyon par\u00e7alar\u0131, seri numaras\u0131, \u00fcnite etiketini ve di\u011fer saha programlanm\u0131\u015f verileri depolamak i\u00e7in kullan\u0131l\u0131r. Samsung servis yaz\u0131l\u0131m\u0131 (S-Net Pro2) ile entegre oldu\u011funda, ba\u015flatma, devralma, \u00fcr\u00fcn kayd\u0131 ve de\u011fi\u015fiklik servis i\u015flemlerinin yap\u0131s\u0131<\/p>\n<p>Samsung&#8217;un WindFree\u2122 So\u011futma teknolojisi, konforlu bir i\u00e7 mekan iklimi arayanlar i\u00e7in ideal bir \u00e7\u00f6z\u00fcm sunarken, enerji tasarrufu ve kullan\u0131c\u0131 dostu<\/p>\n","protected":false},"excerpt":{"rendered":"<p><strong><a href=\"http:\/\/samsungvrf.com\/wp-content\/uploads\/2024\/10\/Samsung-Dvm-duvar-ic-unite.jpg\"><img loading=\"lazy\" decoding=\"async\" class=\"alignnone wp-image-527 size-full\" src=\"http:\/\/samsungvrf.com\/wp-content\/uploads\/2024\/10\/Samsung-Dvm-duvar-ic-unite.jpg\" alt=\"\" width=\"1289\" height=\"344\" srcset=\"http:\/\/samsungvrf.com\/wp-content\/uploads\/2024\/10\/Samsung-Dvm-duvar-ic-unite.jpg 1289w, http:\/\/samsungvrf.com\/wp-content\/uploads\/2024\/10\/Samsung-Dvm-duvar-ic-unite-300x80.jpg 300w, http:\/\/samsungvrf.com\/wp-content\/uploads\/2024\/10\/Samsung-Dvm-duvar-ic-unite-1024x273.jpg 1024w, http:\/\/samsungvrf.com\/wp-content\/uploads\/2024\/10\/Samsung-Dvm-duvar-ic-unite-768x205.jpg 768w, http:\/\/samsungvrf.com\/wp-content\/uploads\/2024\/10\/Samsung-Dvm-duvar-ic-unite-600x160.jpg 600w\" sizes=\"auto, (max-width: 1289px) 100vw, 1289px\" \/><\/a><\/strong><\/p>\n<p><strong>Samsung WindFree\u2122 So\u011futma Teknolojisi ile Konforun Zirvesine Ula\u015f\u0131n<\/strong><\/p>\n<p>Samsung&#8217;un yenilik\u00e7i WindFree\u2122 So\u011futma teknolojisi, i\u00e7 mekanlarda ideal s\u0131cakl\u0131k sa\u011flarken, do\u011frudan so\u011fuk havalar\u0131n yaratt\u0131\u011f\u0131 rahats\u0131zl\u0131klar\u0131 ortadan kald\u0131r\u0131r. Bu, kullan\u0131c\u0131lar i\u00e7in benzersiz bir konfor sunarak ba\u015fka hi\u00e7bir sisteme eri\u015filemeyen bir avantaj sa\u011flar. <strong>SO\u011eUK ES\u0130NT\u0130LER\u0130 ORTADAN KALDIRIR<\/strong><\/p>\n<p>WindFree\u2122 So\u011futma, panjurlar kapal\u0131yken \u00fcnite \u00fczerindeki mikro deliklerden hava \u00fcfleyerek ortam\u0131n istenilen s\u0131cakl\u0131k seviyesini korur. Bu sayede so\u011fuk hava ak\u0131mlar\u0131n\u0131n neden oldu\u011fu rahats\u0131zl\u0131k ortadan kalkar ve &#8220;durgun hava&#8221; olarak kay\u0131tl\u0131 nazik, da\u011f\u0131n\u0131k bir hava da\u011f\u0131l\u0131m\u0131 yarat\u0131l\u0131r. Sonu\u00e7 olarak, i\u00e7 mekanda konforlu bir s\u0131cakl\u0131k sa\u011flan\u0131r<\/p>\n<p><strong>GEL\u0130\u015eT\u0130R\u0130LM\u0130\u015e SERV\u0130S KAB\u0130L\u0130YET\u0130<\/strong><\/p>\n<p>Yeni i\u00e7 \u00fcnite tasar\u0131m\u0131m\u0131z, kurulum ve bak\u0131m s\u00fcre\u00e7lerini kolayla\u015ft\u0131rmak i\u00e7in daha fazla entegre kullan\u0131yoruz. Di\u015fli ba\u011flant\u0131 elemanlar\u0131n\u0131n yerine bu yeni yap\u0131, sistem montaj\u0131 ve bak\u0131m\u0131nda \u00f6nemli \u00f6l\u00e7\u00fcde zaman ve i\u015f g\u00fcc\u00fc tasarrufu sa\u011flar. Bu sayede uzman teknik ekiplerin m\u00fcdahalesi daha az gerekecek ve sistem<\/p>\n<p><strong>GEL\u0130\u015eM\u0130\u015e DEVREYE ALMA VE SERV\u0130S \u0130MKANLARI<\/strong><\/p>\n<p>WindFree\u2122 2.0, ana devre kart\u0131nda bulunan EEPROM \u00e7ipi ile donat\u0131lm\u0131\u015ft\u0131r. Bu \u00e7ip, \u00fcnite opsiyon par\u00e7alar\u0131, seri numaras\u0131, \u00fcnite etiketini ve di\u011fer saha programlanm\u0131\u015f verileri depolamak i\u00e7in kullan\u0131l\u0131r. Samsung servis yaz\u0131l\u0131m\u0131 (S-Net Pro2) ile entegre oldu\u011funda, ba\u015flatma, devralma, \u00fcr\u00fcn kayd\u0131 ve de\u011fi\u015fiklik servis i\u015flemlerinin yap\u0131s\u0131<\/p>\n<p>Samsung&#8217;un WindFree\u2122 So\u011futma teknolojisi, konforlu bir i\u00e7 mekan iklimi arayanlar i\u00e7in ideal bir \u00e7\u00f6z\u00fcm sunarken, enerji tasarrufu ve kullan\u0131c\u0131 dostu<\/p>\n","protected":false},"featured_media":424,"comment_status":"open","ping_status":"closed","template":"","meta":[],"product_cat":[16],"product_tag":[29],"class_list":{"0":"post-423","1":"product","2":"type-product","3":"status-publish","4":"has-post-thumbnail","6":"product_cat-samsung-vrf-ic-uniteler","7":"product_tag-ruzgarsiz-2-0-duvar-tipi","9":"first","10":"instock","11":"shipping-taxable","12":"product-type-simple","13":"layout-style-1","14":"col-md-4 col-sm-4 col-xs-6","15":"col-lg-3","16":"product-has-gallery","17":"product-style-slider"},"_links":{"self":[{"href":"http:\/\/samsungvrf.com\/index.php\/wp-json\/wp\/v2\/product\/423","targetHints":{"allow":["GET"]}}],"collection":[{"href":"http:\/\/samsungvrf.com\/index.php\/wp-json\/wp\/v2\/product"}],"about":[{"href":"http:\/\/samsungvrf.com\/index.php\/wp-json\/wp\/v2\/types\/product"}],"replies":[{"embeddable":true,"href":"http:\/\/samsungvrf.com\/index.php\/wp-json\/wp\/v2\/comments?post=423"}],"wp:featuredmedia":[{"embeddable":true,"href":"http:\/\/samsungvrf.com\/index.php\/wp-json\/wp\/v2\/media\/424"}],"wp:attachment":[{"href":"http:\/\/samsungvrf.com\/index.php\/wp-json\/wp\/v2\/media?parent=423"}],"wp:term":[{"taxonomy":"product_cat","embeddable":true,"href":"http:\/\/samsungvrf.com\/index.php\/wp-json\/wp\/v2\/product_cat?post=423"},{"taxonomy":"product_tag","embeddable":true,"href":"http:\/\/samsungvrf.com\/index.php\/wp-json\/wp\/v2\/product_tag?post=423"}],"curies":[{"name":"wp","href":"https:\/\/api.w.org\/{rel}","templated":true}]}}