{"id":2,"date":"2023-11-10T12:56:34","date_gmt":"2023-11-10T09:56:34","guid":{"rendered":"http:\/\/samsungvrf.com\/?page_id=2"},"modified":"2024-10-31T23:47:53","modified_gmt":"2024-10-31T20:47:53","slug":"ornek-sayfa","status":"publish","type":"page","link":"http:\/\/samsungvrf.com\/","title":{"rendered":"Ana Sayfa"},"content":{"rendered":"<h6><a href=\"http:\/\/samsungvrf.com\/wp-content\/uploads\/2024\/07\/samsung-windfree-e1729984739582.png\"><img loading=\"lazy\" decoding=\"async\" class=\"alignnone wp-image-64 size-full\" src=\"http:\/\/samsungvrf.com\/wp-content\/uploads\/2024\/07\/samsung-windfree-e1729984739582.png\" alt=\"\" width=\"1335\" height=\"341\" srcset=\"http:\/\/samsungvrf.com\/wp-content\/uploads\/2024\/07\/samsung-windfree-e1729984739582.png 1335w, http:\/\/samsungvrf.com\/wp-content\/uploads\/2024\/07\/samsung-windfree-e1729984739582-300x77.png 300w, http:\/\/samsungvrf.com\/wp-content\/uploads\/2024\/07\/samsung-windfree-e1729984739582-1024x262.png 1024w, http:\/\/samsungvrf.com\/wp-content\/uploads\/2024\/07\/samsung-windfree-e1729984739582-768x196.png 768w, http:\/\/samsungvrf.com\/wp-content\/uploads\/2024\/07\/samsung-windfree-e1729984739582-600x153.png 600w\" sizes=\"auto, (max-width: 1335px) 100vw, 1335px\" \/><\/a>\u00a0 \u00a0<\/h6>\n<p>Samsung VRF sistemleri ya\u015fam alanlar\u0131n\u0131z\u0131 daha konforlu ve verimli hale getirmek i\u00e7in en son teknolojiyle donat\u0131lm\u0131\u015f\u00a0 iklimlendirme \u00e7\u00f6z\u00fcmleri sunar.<\/p>\n<h5><a href=\"http:\/\/samsungvrf.com\/wp-content\/uploads\/2024\/10\/Samsung-Dvm-360-.jpg\"><img loading=\"lazy\" decoding=\"async\" class=\"alignnone wp-image-503\" src=\"http:\/\/samsungvrf.com\/wp-content\/uploads\/2024\/10\/Samsung-Dvm-360-.jpg\" alt=\"\" width=\"1335\" height=\"354\" srcset=\"http:\/\/samsungvrf.com\/wp-content\/uploads\/2024\/10\/Samsung-Dvm-360-.jpg 1346w, http:\/\/samsungvrf.com\/wp-content\/uploads\/2024\/10\/Samsung-Dvm-360--300x80.jpg 300w, http:\/\/samsungvrf.com\/wp-content\/uploads\/2024\/10\/Samsung-Dvm-360--1024x272.jpg 1024w, http:\/\/samsungvrf.com\/wp-content\/uploads\/2024\/10\/Samsung-Dvm-360--768x204.jpg 768w, http:\/\/samsungvrf.com\/wp-content\/uploads\/2024\/10\/Samsung-Dvm-360--600x159.jpg 600w\" sizes=\"auto, (max-width: 1335px) 100vw, 1335px\" \/><\/a><\/h5>\n<p>Samsung VRF sistemleri, geli\u015fmi\u015f Inverter teknolojisi sayesinde enerji tasarrufu sa\u011flayarak i\u015fletme maliyetlerinizi d\u00fc\u015f\u00fcr\u00fcr. \u00dcst\u00fcn performans\u0131yla her mevsim en iyi sonu\u00e7lar\u0131 alman\u0131z\u0131 garantiler. Harika tasar\u0131mlara olanak sa\u011flar<\/p>\n<h5><a href=\"http:\/\/samsungvrf.com\/wp-content\/uploads\/2024\/10\/Samsung-Dvm-360-tekyon-1.jpg\"><img loading=\"lazy\" decoding=\"async\" class=\"alignnone wp-image-578\" src=\"http:\/\/samsungvrf.com\/wp-content\/uploads\/2024\/10\/Samsung-Dvm-360-tekyon-1-e1729985787666.jpg\" alt=\"\" width=\"1335\" height=\"470\" \/><\/a><\/h5>\n<p>B\u00fcy\u00fck \u00f6l\u00e7ekli ticari binalardan konut projelerine kadar her t\u00fcrl\u00fc yap\u0131da ideal s\u0131cakl\u0131k ve hava kalitesini sa\u011flar. \u00c7ok ince tavanlarda bile kullan\u0131m olana\u011f\u0131 \u00fcstelik Sessiz ve tamamen sizin kontrol\u00fcn\u00fczde.<\/p>\n<p><strong><a href=\"http:\/\/samsungvrf.com\/wp-content\/uploads\/2024\/10\/Samsung-Dvm-doseme-ic-unite-2.jpg\"><img loading=\"lazy\" decoding=\"async\" class=\"alignnone wp-image-589\" src=\"http:\/\/samsungvrf.com\/wp-content\/uploads\/2024\/10\/Samsung-Dvm-doseme-ic-unite-2.jpg\" alt=\"\" width=\"1335\" height=\"445\" srcset=\"http:\/\/samsungvrf.com\/wp-content\/uploads\/2024\/10\/Samsung-Dvm-doseme-ic-unite-2.jpg 1342w, http:\/\/samsungvrf.com\/wp-content\/uploads\/2024\/10\/Samsung-Dvm-doseme-ic-unite-2-300x100.jpg 300w, http:\/\/samsungvrf.com\/wp-content\/uploads\/2024\/10\/Samsung-Dvm-doseme-ic-unite-2-1024x341.jpg 1024w, http:\/\/samsungvrf.com\/wp-content\/uploads\/2024\/10\/Samsung-Dvm-doseme-ic-unite-2-768x256.jpg 768w, http:\/\/samsungvrf.com\/wp-content\/uploads\/2024\/10\/Samsung-Dvm-doseme-ic-unite-2-600x200.jpg 600w\" sizes=\"auto, (max-width: 1335px) 100vw, 1335px\" \/><\/a><\/strong><\/p>\n<p>Tadilat \u015fimdi \u00e7ok kolay. Samsung&#8217;un Yer Tipi Konsol klima \u00fcnitesi, hemen hemen her alana uyan ve g\u00f6ze batmayan bir muhafazaya sahiptir. Konsol \u00fcnitesi hem tek hem de Vrf sistemler i\u00e7in mevcuttur.<\/p>\n<p><strong><a href=\"http:\/\/samsungvrf.com\/wp-content\/uploads\/2024\/10\/Samsung-Dvm-buyuk-tavan2.jpg\"><img loading=\"lazy\" decoding=\"async\" class=\"alignnone wp-image-593\" src=\"http:\/\/samsungvrf.com\/wp-content\/uploads\/2024\/10\/Samsung-Dvm-buyuk-tavan2.jpg\" alt=\"\" width=\"1335\" height=\"586\" srcset=\"http:\/\/samsungvrf.com\/wp-content\/uploads\/2024\/10\/Samsung-Dvm-buyuk-tavan2.jpg 1140w, http:\/\/samsungvrf.com\/wp-content\/uploads\/2024\/10\/Samsung-Dvm-buyuk-tavan2-300x132.jpg 300w, http:\/\/samsungvrf.com\/wp-content\/uploads\/2024\/10\/Samsung-Dvm-buyuk-tavan2-1024x449.jpg 1024w, http:\/\/samsungvrf.com\/wp-content\/uploads\/2024\/10\/Samsung-Dvm-buyuk-tavan2-768x337.jpg 768w, http:\/\/samsungvrf.com\/wp-content\/uploads\/2024\/10\/Samsung-Dvm-buyuk-tavan2-600x263.jpg 600w\" sizes=\"auto, (max-width: 1335px) 100vw, 1335px\" \/><\/a><\/strong><\/p>\n<p>SAMSUNG DVM VRF\u00a0 Kanal tipi i\u00e7 \u00fcniteler\u00a0<\/p>\n<p><a href=\"http:\/\/samsungvrf.com\/wp-content\/uploads\/2024\/10\/Samsung-Dvm-kanal-s-ic-unite.jpg\"><img loading=\"lazy\" decoding=\"async\" class=\"alignnone wp-image-505 size-full\" src=\"http:\/\/samsungvrf.com\/wp-content\/uploads\/2024\/10\/Samsung-Dvm-kanal-s-ic-unite.jpg\" alt=\"\" width=\"1342\" height=\"446\" srcset=\"http:\/\/samsungvrf.com\/wp-content\/uploads\/2024\/10\/Samsung-Dvm-kanal-s-ic-unite.jpg 1342w, http:\/\/samsungvrf.com\/wp-content\/uploads\/2024\/10\/Samsung-Dvm-kanal-s-ic-unite-300x100.jpg 300w, http:\/\/samsungvrf.com\/wp-content\/uploads\/2024\/10\/Samsung-Dvm-kanal-s-ic-unite-1024x340.jpg 1024w, http:\/\/samsungvrf.com\/wp-content\/uploads\/2024\/10\/Samsung-Dvm-kanal-s-ic-unite-768x255.jpg 768w, http:\/\/samsungvrf.com\/wp-content\/uploads\/2024\/10\/Samsung-Dvm-kanal-s-ic-unite-600x199.jpg 600w\" sizes=\"auto, (max-width: 1342px) 100vw, 1342px\" \/><\/a><\/p>\n<p><strong>Mimariye Uygun Se\u00e7enekler<\/strong>\u00a0<\/p>\n<p><strong><a href=\"http:\/\/samsungvrf.com\/wp-content\/uploads\/2024\/10\/Samsung-Dvm-duvar.jpg\"><img loading=\"lazy\" decoding=\"async\" class=\"alignnone wp-image-529\" src=\"http:\/\/samsungvrf.com\/wp-content\/uploads\/2024\/10\/Samsung-Dvm-duvar.jpg\" alt=\"\" width=\"1335\" height=\"490\" srcset=\"http:\/\/samsungvrf.com\/wp-content\/uploads\/2024\/10\/Samsung-Dvm-duvar.jpg 1344w, http:\/\/samsungvrf.com\/wp-content\/uploads\/2024\/10\/Samsung-Dvm-duvar-300x110.jpg 300w, http:\/\/samsungvrf.com\/wp-content\/uploads\/2024\/10\/Samsung-Dvm-duvar-1024x376.jpg 1024w, http:\/\/samsungvrf.com\/wp-content\/uploads\/2024\/10\/Samsung-Dvm-duvar-768x282.jpg 768w, http:\/\/samsungvrf.com\/wp-content\/uploads\/2024\/10\/Samsung-Dvm-duvar-600x220.jpg 600w\" sizes=\"auto, (max-width: 1335px) 100vw, 1335px\" \/><\/a><\/strong><\/p>\n<p>\u00a0<strong>Ak\u0131ll\u0131 Evlerde Enerji Tasarrufu<\/strong><\/p>\n<p>G\u00fcn\u00fcm\u00fcz\u00fcn ak\u0131ll\u0131 ev cihazlar\u0131, enerji tasarrufunu kolayla\u015ft\u0131r\u0131yor. Programlanabilir ve internet ba\u011flant\u0131l\u0131 termostatlar sayesinde, evde olmad\u0131\u011f\u0131n\u0131zda bile \u0131s\u0131tma-so\u011futma tesisat\u0131n\u0131 kontrol edebilir, enerji ba\u011flant\u0131s\u0131n\u0131 uzaktan y\u00f6netebilirsiniz. Samsung SmartThings Uygulamas\u0131, t\u00fcm uyumlu cihazlar tek bir platformda birle\u015ftirerek kolayca kontrol ve otomasyon sa\u011flar; b\u00f6ylece hem faturalar\u0131n\u0131z\u0131 hem azalt\u0131r<\/p>\n<p><strong>Ak\u0131ll\u0131 Kontrol ve Y\u00f6netim<\/strong>:\u00a0 \u00a0 \u00a0IoT uyumlu ak\u0131ll\u0131 kontrol sistemlerimizle, iklimlendirme sistemlerinizi her yerden izleyebilir ve y\u00f6netebilirsiniz. Bu sayede, enerji y\u00f6netimini ve sistem performans\u0131n\u0131 anl\u0131k olarak optimize edebilirsiniz.<a href=\"http:\/\/samsungvrf.com\/wp-content\/uploads\/2024\/10\/Samsung-dvm-vrf-kumanda-e1729515714853.jpg\">\u00a0<\/a><\/p>\n<p><strong>Esnek Tasar\u0131m<\/strong>:<\/p>\n<p>Samsung VRF sistemleri, mod\u00fcler ve kompakt yap\u0131lar\u0131yla her t\u00fcrl\u00fc mimariye kolayca uyum sa\u011flar. Kolay kurulum ve esnek borulama se\u00e7enekleri ile zaman ve alan tasarrufu elde edersiniz.<\/p>\n<p><strong><a href=\"http:\/\/samsungvrf.com\/wp-content\/uploads\/2024\/10\/Samsung-dvm-vrf-dis-uniteler-kondenser.jpg\"> \u00a0 \u00a0 \u00a0 \u00a0 \u00a0 \u00a0 \u00a0 \u00a0 \u00a0 \u00a0 \u00a0 \u00a0 \u00a0 \u00a0 \u00a0 \u00a0 \u00a0 \u00a0 \u00a0 \u00a0 \u00a0 \u00a0 \u00a0 \u00a0<\/a><a href=\"http:\/\/samsungvrf.com\/wp-content\/uploads\/2024\/10\/Samsung-dvm-vrf-dis-uniteler-kondenser.jpg\"><img loading=\"lazy\" decoding=\"async\" class=\"alignnone wp-image-469 size-full\" src=\"http:\/\/samsungvrf.com\/wp-content\/uploads\/2024\/10\/Samsung-dvm-vrf-dis-uniteler-kondenser.jpg\" alt=\"\" width=\"1113\" height=\"601\" srcset=\"http:\/\/samsungvrf.com\/wp-content\/uploads\/2024\/10\/Samsung-dvm-vrf-dis-uniteler-kondenser.jpg 1113w, http:\/\/samsungvrf.com\/wp-content\/uploads\/2024\/10\/Samsung-dvm-vrf-dis-uniteler-kondenser-300x162.jpg 300w, http:\/\/samsungvrf.com\/wp-content\/uploads\/2024\/10\/Samsung-dvm-vrf-dis-uniteler-kondenser-1024x553.jpg 1024w, http:\/\/samsungvrf.com\/wp-content\/uploads\/2024\/10\/Samsung-dvm-vrf-dis-uniteler-kondenser-768x415.jpg 768w, http:\/\/samsungvrf.com\/wp-content\/uploads\/2024\/10\/Samsung-dvm-vrf-dis-uniteler-kondenser-600x324.jpg 600w\" sizes=\"auto, (max-width: 1113px) 100vw, 1113px\" \/><\/a><\/strong><\/p>\n<p><strong>G\u00fcvenilirlik ve Dayan\u0131kl\u0131l\u0131k<\/strong>:<\/p>\n<p>En zorlu ko\u015fullarda bile \u00fcst\u00fcn performans g\u00f6sterecek \u015fekilde tasarlanan Samsung VRF sistemleri, uzun \u00f6m\u00fcrl\u00fc ve g\u00fcvenilir \u00e7\u00f6z\u00fcmler sunar. Geli\u015fmi\u015f koruma mekanizmalar\u0131 ile sisteminizin her zaman sorunsuz \u00e7al\u0131\u015fmas\u0131n\u0131 sa\u011flar.<\/p>\n\n\n<p><strong>\u00dcst\u00fcn \u0130klimlendirme Sistemleri: Samsung DVM ile Tan\u0131\u015f\u0131n<\/strong><\/p>\n\n\n<p>\u0130klimlendirme, modern ya\u015fam\u0131n olmazsa olmaz bir par\u00e7as\u0131 haline geldi. Hem konfor hem de enerji verimlili\u011fi politikas\u0131 ve yeni teknolojilerle donat\u0131lm\u0131\u015f sistemler, ya\u015fam alanlar\u0131m\u0131z\u0131 ve i\u015f yerlerimizi daha ya\u015fanabilir hale getiriyor. Bu noktada Samsung DVM (Digital Variable Multi) sistemleri, y\u00fcksek performans ve esnek \u00e7\u00f6z\u00fcmler ile \u00f6ne \u00e7\u0131k\u0131yor<\/p>\n<p><strong>Samsung DVM: Verimli ve G\u00fc\u00e7l\u00fc \u0130klimlendirme<\/strong><\/p>\n<p>Samsung DVM, b\u00fcy\u00fck binalardan k\u00fc\u00e7\u00fck i\u015fletmelere kadar her t\u00fcrl\u00fc mekana uygun esnek \u00e7\u00f6z\u00fcmler sunuyor. De\u011fi\u015fken s\u0131cakl\u0131k debisi (VRF) teknolojisi sayesinde, enerji t\u00fcketimi minimuma indirilirken y\u00fcksek verimlilik sa\u011flan\u0131r. Bu sistemler, her insan\u0131n ihtiyac\u0131na g\u00f6re ba\u011f\u0131ms\u0131z iklimlendirme sunarak konforu en \u00fcst d\u00fczeye \u00e7\u0131kar\u0131yor<\/p>\n<p><strong>Enerji Tasarrufu ve \u00c7evre Dostu \u00c7\u00f6z\u00fcmler<\/strong><\/p>\n<p>Samsung&#8217;un geli\u015fmi\u015f DVM sistemleri, yaln\u0131zca \u00fcst\u00fcn performans sunarken, ayn\u0131 zamanda enerji t\u00fcketimini optimize ederek \u00e7evre dostu bir \u00e7\u00f6z\u00fcm sunuyor. \u00d6zellikle geni\u015f alanlarda kullan\u0131lan bu sistemlerde s\u0131cakl\u0131k kontrol\u00fc hassas bir \u015fekilde y\u00f6netilerek, kullan\u0131c\u0131n\u0131n enerji tasarrufu yapmas\u0131 sa\u011flan\u0131r.<\/p>\n<p>Samsung DVM ile tan\u0131\u015farak iklimlendirme \u00e7\u00f6z\u00fcmlerinde yeni bir d\u00f6neme ge\u00e7in.<\/p>\n<p>Projelendirme, Ke\u015fif ve Teklif talepleriniz i\u00e7in bize ula\u015fabilirsiniz.\u00a0 <a href=\"mailto:info@samsungvrf.com\">info@samsungvrf.com<\/a><\/p>\n<p>\u00a0<\/p>","protected":false},"excerpt":{"rendered":"<p>\u00a0 \u00a0 Samsung VRF sistemleri ya\u015fam alanlar\u0131n\u0131z\u0131 daha konforlu ve verimli hale getirmek i\u00e7in en son teknolojiyle donat\u0131lm\u0131\u015f\u00a0 iklimlendirme \u00e7\u00f6z\u00fcmleri sunar. Samsung VRF sistemleri, geli\u015fmi\u015f Inverter teknolojisi sayesinde enerji tasarrufu&hellip;<\/p>\n","protected":false},"author":1,"featured_media":0,"parent":0,"menu_order":0,"comment_status":"closed","ping_status":"open","template":"templates\/homepage.php","meta":{"footnotes":""},"class_list":["post-2","page","type-page","status-publish","hentry"],"_links":{"self":[{"href":"http:\/\/samsungvrf.com\/index.php\/wp-json\/wp\/v2\/pages\/2","targetHints":{"allow":["GET"]}}],"collection":[{"href":"http:\/\/samsungvrf.com\/index.php\/wp-json\/wp\/v2\/pages"}],"about":[{"href":"http:\/\/samsungvrf.com\/index.php\/wp-json\/wp\/v2\/types\/page"}],"author":[{"embeddable":true,"href":"http:\/\/samsungvrf.com\/index.php\/wp-json\/wp\/v2\/users\/1"}],"replies":[{"embeddable":true,"href":"http:\/\/samsungvrf.com\/index.php\/wp-json\/wp\/v2\/comments?post=2"}],"version-history":[{"count":142,"href":"http:\/\/samsungvrf.com\/index.php\/wp-json\/wp\/v2\/pages\/2\/revisions"}],"predecessor-version":[{"id":671,"href":"http:\/\/samsungvrf.com\/index.php\/wp-json\/wp\/v2\/pages\/2\/revisions\/671"}],"wp:attachment":[{"href":"http:\/\/samsungvrf.com\/index.php\/wp-json\/wp\/v2\/media?parent=2"}],"curies":[{"name":"wp","href":"https:\/\/api.w.org\/{rel}","templated":true}]}}